{"id":216,"date":"2021-04-06T08:53:26","date_gmt":"2021-04-06T08:53:26","guid":{"rendered":"http:\/\/vithahc.co.th\/?page_id=216"},"modified":"2021-05-27T05:25:27","modified_gmt":"2021-05-27T05:25:27","slug":"doi-net-ve-cong-ty","status":"publish","type":"page","link":"https:\/\/vithahc.co.th\/th\/doi-net-ve-cong-ty\/","title":{"rendered":"\u0e40\u0e01\u0e35\u0e48\u0e22\u0e27\u0e01\u0e31\u0e1a \u0e1a\u0e23\u0e34\u0e29\u0e31\u0e17 \u0e02\u0e2d\u0e07\u0e40\u0e23\u0e32"},"content":{"rendered":"<p><span style=\"font-size: 24pt;\"><strong>\u0e40\u0e01\u0e35\u0e48\u0e22\u0e27\u0e01\u0e31\u0e1a \u0e1a\u0e23\u0e34\u0e29\u0e31\u0e17 \u0e02\u0e2d\u0e07\u0e40\u0e23\u0e32\u00a0<\/strong><\/span><\/p>\n<p style=\"text-align: justify;\"><span style=\"font-size: 18pt;\">\u00a0 \u00a0 \u00a0Viet Thai Hidden Charm Co. , Ltd. (ViThaHC) \u0e01\u0e48\u0e2d\u0e15\u0e31\u0e49\u0e07\u0e02\u0e36\u0e49\u0e19\u0e40\u0e21\u0e37\u0e48\u0e2d\u0e27\u0e31\u0e19\u0e17\u0e35\u0e48 22 \u0e18\u0e31\u0e19\u0e27\u0e32\u0e04\u0e21 2563 \u0e41\u0e25\u0e30\u0e40\u0e23\u0e34\u0e48\u0e21\u0e14\u0e33\u0e40\u0e19\u0e34\u0e19\u0e01\u0e34\u0e08\u0e01\u0e32\u0e23\u0e2d\u0e22\u0e48\u0e32\u0e07\u0e40\u0e1b\u0e47\u0e19\u0e17\u0e32\u0e07\u0e01\u0e32\u0e23\u0e40\u0e21\u0e37\u0e48\u0e2d\u0e27\u0e31\u0e19\u0e17\u0e35\u0e48 16 \u0e01\u0e38\u0e21\u0e20\u0e32\u0e1e\u0e31\u0e19\u0e18\u0e4c 2564 \u0e40\u0e1b\u0e47\u0e19\u0e2b\u0e19\u0e36\u0e48\u0e07\u0e43\u0e19\u0e1c\u0e39\u0e49\u0e1a\u0e38\u0e01\u0e40\u0e1a\u0e34\u0e01\u0e43\u0e19\u0e01\u0e32\u0e23\u0e0a\u0e48\u0e27\u0e22\u0e41\u0e01\u0e49\u0e1b\u0e31\u0e0d\u0e2b\u0e32\u00a0 \u0e41\u0e25\u0e30\u0e14\u0e33\u0e40\u0e19\u0e34\u0e19\u0e01\u0e32\u0e23\u0e14\u0e49\u0e32\u0e19\u0e40\u0e2d\u0e01\u0e2a\u0e32\u0e23\u0e15\u0e48\u0e32\u0e07\u0e46 \u0e2a\u0e33\u0e2b\u0e23\u0e31\u0e1a\u0e0a\u0e32\u0e27\u0e40\u0e27\u0e35\u0e22\u0e14\u0e19\u0e32\u0e21\u0e17\u0e35\u0e48\u0e1e\u0e33\u0e19\u0e31\u0e01\u0e2d\u0e22\u0e39\u0e48\u0e43\u0e19\u0e1b\u0e23\u0e30\u0e40\u0e17\u0e28\u0e44\u0e17\u0e22 \u0e42\u0e14\u0e22\u0e40\u0e19\u0e49\u0e19\u0e0a\u0e48\u0e27\u0e22\u0e40\u0e2b\u0e25\u0e37\u0e2d 3 \u0e14\u0e49\u0e32\u0e19\u0e2b\u0e25\u0e31\u0e01 \u0e44\u0e14\u0e49\u0e41\u0e01\u0e48 1) \u0e01\u0e32\u0e23\u0e41\u0e1b\u0e25 2)\u0e07\u0e32\u0e19\u0e19\u0e34\u0e15\u0e34\u0e01\u0e23\u0e13\u0e4c\u0e41\u0e25\u0e30\u0e01\u0e32\u0e23\u0e23\u0e31\u0e1a\u0e23\u0e2d\u0e07\u0e40\u0e2d\u0e01\u0e2a\u0e32\u0e23 3)\u0e07\u0e32\u0e19\u0e14\u0e49\u0e32\u0e19\u0e27\u0e35\u0e0b\u0e32 (Visa) \u00a0\u00a0\u0e16\u0e36\u0e07\u0e41\u0e21\u0e49\u0e27\u0e48\u0e32\u0e40\u0e23\u0e32\u0e08\u0e30\u0e40\u0e1b\u0e47\u0e19\u0e1a\u0e23\u0e34\u0e29\u0e31\u0e17\u0e17\u0e35\u0e48\u0e40\u0e1e\u0e34\u0e48\u0e07\u0e01\u0e48\u0e2d\u0e15\u0e31\u0e49\u0e07\u0e02\u0e36\u0e49\u0e19\u0e43\u0e2b\u0e21\u0e48 \u0e41\u0e15\u0e48\u0e40\u0e23\u0e32\u0e01\u0e47\u0e21\u0e31\u0e48\u0e19\u0e43\u0e19\u0e1c\u0e25\u0e07\u0e32\u0e19\u0e02\u0e2d\u0e07\u0e40\u0e23\u0e32 \u0e40\u0e1e\u0e23\u0e32\u0e30\u0e27\u0e48\u0e32\u0e1e\u0e27\u0e01\u0e40\u0e23\u0e32\u0e21\u0e35\u0e17\u0e35\u0e21\u0e07\u0e32\u0e19\u0e2b\u0e25\u0e31\u0e01\u0e17\u0e35\u0e48\u0e40\u0e1b\u0e47\u0e19\u0e21\u0e37\u0e2d\u0e2d\u0e32\u0e0a\u0e35\u0e1e\u0e41\u0e25\u0e30\u0e04\u0e27\u0e32\u0e21\u0e40\u0e0a\u0e35\u0e48\u0e22\u0e27\u0e0a\u0e32\u0e0d\u0e40\u0e09\u0e1e\u0e32\u0e30\u0e14\u0e49\u0e32\u0e19 \u0e0b\u0e36\u0e48\u0e07\u0e08\u0e30\u0e21\u0e35\u0e2a\u0e48\u0e27\u0e19\u0e0a\u0e48\u0e27\u0e22\u0e43\u0e2b\u0e49\u0e0a\u0e32\u0e27\u0e40\u0e27\u0e35\u0e22\u0e14\u0e19\u0e32\u0e21\u0e17\u0e35\u0e48\u0e1e\u0e33\u0e19\u0e31\u0e01\u0e2d\u0e32\u0e28\u0e31\u0e22\u0e43\u0e19\u0e1b\u0e23\u0e30\u0e40\u0e17\u0e28\u0e44\u0e17\u0e22 \u0e2b\u0e23\u0e37\u0e2d\u0e0a\u0e32\u0e27\u0e44\u0e17\u0e22\u0e17\u0e35\u0e48\u0e1e\u0e33\u0e19\u0e31\u0e01\u0e2d\u0e32\u0e28\u0e31\u0e22\u0e43\u0e19\u0e40\u0e27\u0e35\u0e22\u0e14\u0e19\u0e32\u0e21 (\u0e44\u0e21\u0e48\u0e27\u0e48\u0e32\u0e08\u0e30\u0e40\u0e1b\u0e47\u0e19\u0e01\u0e23\u0e13\u0e35\u0e28\u0e36\u0e01\u0e29\u0e32\u0e15\u0e48\u0e2d \u0e2b\u0e23\u0e37\u0e2d\u0e17\u0e33\u0e07\u0e32\u0e19) \u0e2a\u0e32\u0e21\u0e32\u0e23\u0e16\u0e14\u0e33\u0e40\u0e19\u0e34\u0e19\u0e0a\u0e35\u0e27\u0e34\u0e15\u0e44\u0e14\u0e49 \u0e42\u0e14\u0e22\u0e1b\u0e23\u0e32\u0e28\u0e08\u0e32\u0e01\u0e04\u0e27\u0e32\u0e21\u0e01\u0e31\u0e07\u0e27\u0e25\u0e43\u0e08\u0e08\u0e32\u0e01\u0e40\u0e23\u0e37\u0e48\u0e2d\u0e07\u0e14\u0e31\u0e07\u0e01\u0e25\u0e48\u0e32\u0e27\u0e19\u0e35\u0e49<\/span><\/p>\n<p><\/p>","protected":false},"excerpt":{"rendered":"<p>\u0e40\u0e01\u0e35\u0e48\u0e22\u0e27\u0e01\u0e31\u0e1a \u0e1a\u0e23\u0e34\u0e29\u0e31\u0e17 \u0e02\u0e2d\u0e07\u0e40\u0e23\u0e32\u00a0 \u00a0 \u00a0 \u00a0Viet Thai Hidden Charm Co. , Ltd. (ViThaHC) \u0e01\u0e48\u0e2d\u0e15\u0e31\u0e49\u0e07\u0e02\u0e36\u0e49\u0e19\u0e40\u0e21\u0e37\u0e48\u0e2d\u0e27\u0e31\u0e19\u0e17\u0e35\u0e48 22 \u0e18\u0e31\u0e19\u0e27\u0e32\u0e04\u0e21 2563 \u0e41\u0e25\u0e30\u0e40\u0e23\u0e34\u0e48\u0e21\u0e14\u0e33\u0e40\u0e19\u0e34\u0e19\u0e01\u0e34\u0e08\u0e01\u0e32\u0e23\u0e2d\u0e22\u0e48\u0e32\u0e07\u0e40\u0e1b\u0e47\u0e19\u0e17\u0e32\u0e07\u0e01\u0e32\u0e23\u0e40\u0e21\u0e37\u0e48\u0e2d\u0e27\u0e31\u0e19\u0e17\u0e35\u0e48 16 \u0e01\u0e38\u0e21\u0e20\u0e32\u0e1e\u0e31\u0e19\u0e18\u0e4c 2564 \u0e40\u0e1b\u0e47\u0e19\u0e2b\u0e19\u0e36\u0e48\u0e07\u0e43\u0e19\u0e1c\u0e39\u0e49\u0e1a\u0e38\u0e01\u0e40\u0e1a\u0e34\u0e01\u0e43\u0e19\u0e01\u0e32\u0e23\u0e0a\u0e48\u0e27\u0e22\u0e41\u0e01\u0e49\u0e1b\u0e31\u0e0d\u0e2b\u0e32\u00a0 \u0e41\u0e25\u0e30\u0e14\u0e33\u0e40\u0e19\u0e34\u0e19\u0e01\u0e32\u0e23\u0e14\u0e49\u0e32\u0e19\u0e40\u0e2d\u0e01\u0e2a\u0e32\u0e23\u0e15\u0e48\u0e32\u0e07\u0e46 \u0e2a\u0e33\u0e2b\u0e23\u0e31\u0e1a\u0e0a\u0e32\u0e27\u0e40\u0e27\u0e35\u0e22\u0e14\u0e19\u0e32\u0e21\u0e17\u0e35\u0e48\u0e1e\u0e33\u0e19\u0e31\u0e01\u0e2d\u0e22\u0e39\u0e48\u0e43\u0e19\u0e1b\u0e23\u0e30\u0e40\u0e17\u0e28\u0e44\u0e17\u0e22 \u0e42\u0e14\u0e22\u0e40\u0e19\u0e49\u0e19\u0e0a\u0e48\u0e27\u0e22\u0e40\u0e2b\u0e25\u0e37\u0e2d 3 \u0e14\u0e49\u0e32\u0e19\u0e2b\u0e25\u0e31\u0e01 \u0e44\u0e14\u0e49\u0e41\u0e01\u0e48 1) \u0e01\u0e32\u0e23\u0e41\u0e1b\u0e25 2)\u0e07\u0e32\u0e19\u0e19\u0e34\u0e15\u0e34\u0e01\u0e23\u0e13\u0e4c\u0e41\u0e25\u0e30\u0e01\u0e32\u0e23\u0e23\u0e31\u0e1a\u0e23\u0e2d\u0e07\u0e40\u0e2d\u0e01\u0e2a\u0e32\u0e23 3)\u0e07\u0e32\u0e19\u0e14\u0e49\u0e32\u0e19\u0e27\u0e35\u0e0b\u0e32 (Visa) \u00a0\u00a0\u0e16\u0e36\u0e07\u0e41\u0e21\u0e49\u0e27\u0e48\u0e32\u0e40\u0e23\u0e32\u0e08\u0e30\u0e40\u0e1b\u0e47\u0e19\u0e1a\u0e23\u0e34\u0e29\u0e31\u0e17\u0e17\u0e35\u0e48\u0e40\u0e1e\u0e34\u0e48\u0e07\u0e01\u0e48\u0e2d\u0e15\u0e31\u0e49\u0e07\u0e02\u0e36\u0e49\u0e19\u0e43\u0e2b\u0e21\u0e48 \u0e41\u0e15\u0e48\u0e40\u0e23\u0e32\u0e01\u0e47\u0e21\u0e31\u0e48\u0e19\u0e43\u0e19\u0e1c\u0e25\u0e07\u0e32\u0e19\u0e02\u0e2d\u0e07\u0e40\u0e23\u0e32 \u0e40\u0e1e\u0e23\u0e32\u0e30\u0e27\u0e48\u0e32\u0e1e\u0e27\u0e01\u0e40\u0e23\u0e32\u0e21\u0e35\u0e17\u0e35\u0e21\u0e07\u0e32\u0e19\u0e2b\u0e25\u0e31\u0e01\u0e17\u0e35\u0e48\u0e40\u0e1b\u0e47\u0e19\u0e21\u0e37\u0e2d\u0e2d\u0e32\u0e0a\u0e35\u0e1e\u0e41\u0e25\u0e30\u0e04\u0e27\u0e32\u0e21\u0e40\u0e0a\u0e35\u0e48\u0e22\u0e27\u0e0a\u0e32\u0e0d\u0e40\u0e09\u0e1e\u0e32\u0e30\u0e14\u0e49\u0e32\u0e19 \u0e0b\u0e36\u0e48\u0e07\u0e08\u0e30\u0e21\u0e35\u0e2a\u0e48\u0e27\u0e19\u0e0a\u0e48\u0e27\u0e22\u0e43\u0e2b\u0e49\u0e0a\u0e32\u0e27\u0e40\u0e27\u0e35\u0e22\u0e14\u0e19\u0e32\u0e21\u0e17\u0e35\u0e48\u0e1e\u0e33\u0e19\u0e31\u0e01\u0e2d\u0e32\u0e28\u0e31\u0e22\u0e43\u0e19\u0e1b\u0e23\u0e30\u0e40\u0e17\u0e28\u0e44\u0e17\u0e22 \u0e2b\u0e23\u0e37\u0e2d\u0e0a\u0e32\u0e27\u0e44\u0e17\u0e22\u0e17\u0e35\u0e48\u0e1e\u0e33\u0e19\u0e31\u0e01\u0e2d\u0e32\u0e28\u0e31\u0e22\u0e43\u0e19\u0e40\u0e27\u0e35\u0e22\u0e14\u0e19\u0e32\u0e21 (\u0e44\u0e21\u0e48\u0e27\u0e48\u0e32\u0e08\u0e30\u0e40\u0e1b\u0e47\u0e19\u0e01\u0e23\u0e13\u0e35\u0e28\u0e36\u0e01\u0e29\u0e32\u0e15\u0e48\u0e2d \u0e2b\u0e23\u0e37\u0e2d\u0e17\u0e33\u0e07\u0e32\u0e19) \u0e2a\u0e32\u0e21\u0e32\u0e23\u0e16\u0e14\u0e33\u0e40\u0e19\u0e34\u0e19\u0e0a\u0e35\u0e27\u0e34\u0e15\u0e44\u0e14\u0e49 \u0e42\u0e14\u0e22\u0e1b\u0e23\u0e32\u0e28\u0e08\u0e32\u0e01\u0e04\u0e27\u0e32\u0e21\u0e01\u0e31\u0e07\u0e27\u0e25\u0e43\u0e08\u0e08\u0e32\u0e01\u0e40\u0e23\u0e37\u0e48\u0e2d\u0e07\u0e14\u0e31\u0e07\u0e01\u0e25\u0e48\u0e32\u0e27\u0e19\u0e35\u0e49<\/p>\n","protected":false},"author":1,"featured_media":0,"parent":0,"menu_order":0,"comment_status":"closed","ping_status":"closed","template":"","meta":[],"yoast_head":"<!-- This site is optimized with the Yoast SEO plugin v16.3 - https:\/\/yoast.com\/wordpress\/plugins\/seo\/ -->\n<title>\u0e40\u0e01\u0e35\u0e48\u0e22\u0e27\u0e01\u0e31\u0e1a \u0e1a\u0e23\u0e34\u0e29\u0e31\u0e17 \u0e02\u0e2d\u0e07\u0e40\u0e23\u0e32 - Viet Thai Hidden Charm Thailand<\/title>\n<meta name=\"robots\" content=\"index, follow, max-snippet:-1, max-image-preview:large, max-video-preview:-1\" \/>\n<link rel=\"canonical\" href=\"https:\/\/vithahc.co.th\/en\/doi-net-ve-cong-ty\/\" \/>\n<meta property=\"og:locale\" content=\"nl_NL\" \/>\n<meta property=\"og:type\" content=\"article\" \/>\n<meta property=\"og:title\" content=\"[:vi]\u0110\u00f4i n\u00e9t v\u1ec1 c\u00f4ng ty[:en]About our company[:th]\u0e40\u0e01\u0e35\u0e48\u0e22\u0e27\u0e01\u0e31\u0e1a \u0e1a\u0e23\u0e34\u0e29\u0e31\u0e17 \u0e02\u0e2d\u0e07\u0e40\u0e23\u0e32[:] - Viet Thai Hidden Charm Thailand\" \/>\n<meta property=\"og:description\" content=\"\u0e40\u0e01\u0e35\u0e48\u0e22\u0e27\u0e01\u0e31\u0e1a \u0e1a\u0e23\u0e34\u0e29\u0e31\u0e17 \u0e02\u0e2d\u0e07\u0e40\u0e23\u0e32\u00a0 \u00a0 \u00a0 \u00a0Viet Thai Hidden Charm Co. , Ltd. (ViThaHC) \u0e01\u0e48\u0e2d\u0e15\u0e31\u0e49\u0e07\u0e02\u0e36\u0e49\u0e19\u0e40\u0e21\u0e37\u0e48\u0e2d\u0e27\u0e31\u0e19\u0e17\u0e35\u0e48 22 \u0e18\u0e31\u0e19\u0e27\u0e32\u0e04\u0e21 2563 \u0e41\u0e25\u0e30\u0e40\u0e23\u0e34\u0e48\u0e21\u0e14\u0e33\u0e40\u0e19\u0e34\u0e19\u0e01\u0e34\u0e08\u0e01\u0e32\u0e23\u0e2d\u0e22\u0e48\u0e32\u0e07\u0e40\u0e1b\u0e47\u0e19\u0e17\u0e32\u0e07\u0e01\u0e32\u0e23\u0e40\u0e21\u0e37\u0e48\u0e2d\u0e27\u0e31\u0e19\u0e17\u0e35\u0e48 16 \u0e01\u0e38\u0e21\u0e20\u0e32\u0e1e\u0e31\u0e19\u0e18\u0e4c 2564 \u0e40\u0e1b\u0e47\u0e19\u0e2b\u0e19\u0e36\u0e48\u0e07\u0e43\u0e19\u0e1c\u0e39\u0e49\u0e1a\u0e38\u0e01\u0e40\u0e1a\u0e34\u0e01\u0e43\u0e19\u0e01\u0e32\u0e23\u0e0a\u0e48\u0e27\u0e22\u0e41\u0e01\u0e49\u0e1b\u0e31\u0e0d\u0e2b\u0e32\u00a0 \u0e41\u0e25\u0e30\u0e14\u0e33\u0e40\u0e19\u0e34\u0e19\u0e01\u0e32\u0e23\u0e14\u0e49\u0e32\u0e19\u0e40\u0e2d\u0e01\u0e2a\u0e32\u0e23\u0e15\u0e48\u0e32\u0e07\u0e46 \u0e2a\u0e33\u0e2b\u0e23\u0e31\u0e1a\u0e0a\u0e32\u0e27\u0e40\u0e27\u0e35\u0e22\u0e14\u0e19\u0e32\u0e21\u0e17\u0e35\u0e48\u0e1e\u0e33\u0e19\u0e31\u0e01\u0e2d\u0e22\u0e39\u0e48\u0e43\u0e19\u0e1b\u0e23\u0e30\u0e40\u0e17\u0e28\u0e44\u0e17\u0e22 \u0e42\u0e14\u0e22\u0e40\u0e19\u0e49\u0e19\u0e0a\u0e48\u0e27\u0e22\u0e40\u0e2b\u0e25\u0e37\u0e2d 3 \u0e14\u0e49\u0e32\u0e19\u0e2b\u0e25\u0e31\u0e01 \u0e44\u0e14\u0e49\u0e41\u0e01\u0e48 1) \u0e01\u0e32\u0e23\u0e41\u0e1b\u0e25 2)\u0e07\u0e32\u0e19\u0e19\u0e34\u0e15\u0e34\u0e01\u0e23\u0e13\u0e4c\u0e41\u0e25\u0e30\u0e01\u0e32\u0e23\u0e23\u0e31\u0e1a\u0e23\u0e2d\u0e07\u0e40\u0e2d\u0e01\u0e2a\u0e32\u0e23 3)\u0e07\u0e32\u0e19\u0e14\u0e49\u0e32\u0e19\u0e27\u0e35\u0e0b\u0e32 (Visa) \u00a0\u00a0\u0e16\u0e36\u0e07\u0e41\u0e21\u0e49\u0e27\u0e48\u0e32\u0e40\u0e23\u0e32\u0e08\u0e30\u0e40\u0e1b\u0e47\u0e19\u0e1a\u0e23\u0e34\u0e29\u0e31\u0e17\u0e17\u0e35\u0e48\u0e40\u0e1e\u0e34\u0e48\u0e07\u0e01\u0e48\u0e2d\u0e15\u0e31\u0e49\u0e07\u0e02\u0e36\u0e49\u0e19\u0e43\u0e2b\u0e21\u0e48 \u0e41\u0e15\u0e48\u0e40\u0e23\u0e32\u0e01\u0e47\u0e21\u0e31\u0e48\u0e19\u0e43\u0e19\u0e1c\u0e25\u0e07\u0e32\u0e19\u0e02\u0e2d\u0e07\u0e40\u0e23\u0e32 \u0e40\u0e1e\u0e23\u0e32\u0e30\u0e27\u0e48\u0e32\u0e1e\u0e27\u0e01\u0e40\u0e23\u0e32\u0e21\u0e35\u0e17\u0e35\u0e21\u0e07\u0e32\u0e19\u0e2b\u0e25\u0e31\u0e01\u0e17\u0e35\u0e48\u0e40\u0e1b\u0e47\u0e19\u0e21\u0e37\u0e2d\u0e2d\u0e32\u0e0a\u0e35\u0e1e\u0e41\u0e25\u0e30\u0e04\u0e27\u0e32\u0e21\u0e40\u0e0a\u0e35\u0e48\u0e22\u0e27\u0e0a\u0e32\u0e0d\u0e40\u0e09\u0e1e\u0e32\u0e30\u0e14\u0e49\u0e32\u0e19 \u0e0b\u0e36\u0e48\u0e07\u0e08\u0e30\u0e21\u0e35\u0e2a\u0e48\u0e27\u0e19\u0e0a\u0e48\u0e27\u0e22\u0e43\u0e2b\u0e49\u0e0a\u0e32\u0e27\u0e40\u0e27\u0e35\u0e22\u0e14\u0e19\u0e32\u0e21\u0e17\u0e35\u0e48\u0e1e\u0e33\u0e19\u0e31\u0e01\u0e2d\u0e32\u0e28\u0e31\u0e22\u0e43\u0e19\u0e1b\u0e23\u0e30\u0e40\u0e17\u0e28\u0e44\u0e17\u0e22 \u0e2b\u0e23\u0e37\u0e2d\u0e0a\u0e32\u0e27\u0e44\u0e17\u0e22\u0e17\u0e35\u0e48\u0e1e\u0e33\u0e19\u0e31\u0e01\u0e2d\u0e32\u0e28\u0e31\u0e22\u0e43\u0e19\u0e40\u0e27\u0e35\u0e22\u0e14\u0e19\u0e32\u0e21 (\u0e44\u0e21\u0e48\u0e27\u0e48\u0e32\u0e08\u0e30\u0e40\u0e1b\u0e47\u0e19\u0e01\u0e23\u0e13\u0e35\u0e28\u0e36\u0e01\u0e29\u0e32\u0e15\u0e48\u0e2d \u0e2b\u0e23\u0e37\u0e2d\u0e17\u0e33\u0e07\u0e32\u0e19) \u0e2a\u0e32\u0e21\u0e32\u0e23\u0e16\u0e14\u0e33\u0e40\u0e19\u0e34\u0e19\u0e0a\u0e35\u0e27\u0e34\u0e15\u0e44\u0e14\u0e49 \u0e42\u0e14\u0e22\u0e1b\u0e23\u0e32\u0e28\u0e08\u0e32\u0e01\u0e04\u0e27\u0e32\u0e21\u0e01\u0e31\u0e07\u0e27\u0e25\u0e43\u0e08\u0e08\u0e32\u0e01\u0e40\u0e23\u0e37\u0e48\u0e2d\u0e07\u0e14\u0e31\u0e07\u0e01\u0e25\u0e48\u0e32\u0e27\u0e19\u0e35\u0e49\" \/>\n<meta property=\"og:url\" content=\"https:\/\/vithahc.co.th\/en\/doi-net-ve-cong-ty\/\" \/>\n<meta property=\"og:site_name\" content=\"Viet Thai Hidden Charm Thailand\" \/>\n<meta property=\"article:modified_time\" content=\"2021-05-27T05:25:27+00:00\" \/>\n<meta name=\"twitter:card\" content=\"summary_large_image\" \/>\n<meta name=\"twitter:label1\" content=\"Geschatte leestijd\">\n\t<meta name=\"twitter:data1\" content=\"2 minuten\">\n<script type=\"application\/ld+json\" class=\"yoast-schema-graph\">{\"@context\":\"https:\/\/schema.org\",\"@graph\":[{\"@type\":\"WebSite\",\"@id\":\"https:\/\/vithahc.co.th\/#website\",\"url\":\"https:\/\/vithahc.co.th\/\",\"name\":\"Viet Thai Hidden Charm Thailand\",\"description\":\"Viet Thai Hidden Charm Thailand\",\"potentialAction\":[{\"@type\":\"SearchAction\",\"target\":\"https:\/\/vithahc.co.th\/?s={search_term_string}\",\"query-input\":\"required name=search_term_string\"}],\"inLanguage\":\"nl\"},{\"@type\":\"WebPage\",\"@id\":\"https:\/\/vithahc.co.th\/en\/doi-net-ve-cong-ty\/#webpage\",\"url\":\"https:\/\/vithahc.co.th\/en\/doi-net-ve-cong-ty\/\",\"name\":\"[:vi]\\u0110\\u00f4i n\\u00e9t v\\u1ec1 c\\u00f4ng ty[:en]About our company[:th]\\u0e40\\u0e01\\u0e35\\u0e48\\u0e22\\u0e27\\u0e01\\u0e31\\u0e1a \\u0e1a\\u0e23\\u0e34\\u0e29\\u0e31\\u0e17 \\u0e02\\u0e2d\\u0e07\\u0e40\\u0e23\\u0e32[:] - Viet Thai Hidden Charm Thailand\",\"isPartOf\":{\"@id\":\"https:\/\/vithahc.co.th\/#website\"},\"datePublished\":\"2021-04-06T08:53:26+00:00\",\"dateModified\":\"2021-05-27T05:25:27+00:00\",\"breadcrumb\":{\"@id\":\"https:\/\/vithahc.co.th\/en\/doi-net-ve-cong-ty\/#breadcrumb\"},\"inLanguage\":\"nl\",\"potentialAction\":[{\"@type\":\"ReadAction\",\"target\":[\"https:\/\/vithahc.co.th\/en\/doi-net-ve-cong-ty\/\"]}]},{\"@type\":\"BreadcrumbList\",\"@id\":\"https:\/\/vithahc.co.th\/en\/doi-net-ve-cong-ty\/#breadcrumb\",\"itemListElement\":[{\"@type\":\"ListItem\",\"position\":1,\"item\":{\"@type\":\"WebPage\",\"@id\":\"https:\/\/vithahc.co.th\/\",\"url\":\"https:\/\/vithahc.co.th\/\",\"name\":\"Trang ch\\u1ee7\"}},{\"@type\":\"ListItem\",\"position\":2,\"item\":{\"@id\":\"https:\/\/vithahc.co.th\/en\/doi-net-ve-cong-ty\/#webpage\"}}]}]}<\/script>\n<!-- \/ Yoast SEO plugin. -->","_links":{"self":[{"href":"https:\/\/vithahc.co.th\/th\/wp-json\/wp\/v2\/pages\/216"}],"collection":[{"href":"https:\/\/vithahc.co.th\/th\/wp-json\/wp\/v2\/pages"}],"about":[{"href":"https:\/\/vithahc.co.th\/th\/wp-json\/wp\/v2\/types\/page"}],"author":[{"embeddable":true,"href":"https:\/\/vithahc.co.th\/th\/wp-json\/wp\/v2\/users\/1"}],"replies":[{"embeddable":true,"href":"https:\/\/vithahc.co.th\/th\/wp-json\/wp\/v2\/comments?post=216"}],"version-history":[{"count":0,"href":"https:\/\/vithahc.co.th\/th\/wp-json\/wp\/v2\/pages\/216\/revisions"}],"wp:attachment":[{"href":"https:\/\/vithahc.co.th\/th\/wp-json\/wp\/v2\/media?parent=216"}],"curies":[{"name":"wp","href":"https:\/\/api.w.org\/{rel}","templated":true}]}}