{"id":617,"date":"2021-06-14T00:53:56","date_gmt":"2021-06-14T00:53:56","guid":{"rendered":"https:\/\/vithahc.co.th\/?post_type=product&#038;p=617"},"modified":"2021-07-15T16:01:53","modified_gmt":"2021-07-15T09:01:53","slug":"bia-dung-giay-hon-thu-3","status":"publish","type":"product","link":"https:\/\/vithahc.co.th\/en\/product\/marriage-certificate-frame-gray-green\/","title":{"rendered":"Marriage Certificate Frame &#8211; Gray Green"},"content":{"rendered":"<p><b>Marriage Certificate&#8217;s Frame<\/b><\/p>\n<ul>\n<li>The product is specifically designed with the use of a luxury Wedding Ring image (Designed by ViThaHC&#8217;s own copyright) and the identity of Company&#8217;s brand logo, the word &#8220;Certificate of Marriage&#8221; is written on the Cover, the product is an\u00a0limited editions.<\/li>\n<li>Including 8 templates: Dark Blue (<strong>Gold Plated<\/strong>), Light Pink, Cream Yellow, Cream White, Gray Brown, Gray Green, Gray Blue and Rose Pink.<\/li>\n<\/ul>\n<p><strong>Price:<\/strong>\u00a0990,000VND (Order from VN)\/<\/p>\n<p>990- (Order from Th\u00e1i Lan)<\/p>\n<h2>Contact To Order<\/h2>\n<p><\/p>","protected":false},"excerpt":{"rendered":"<p>Marriage Certificate&#8217;s Frame The product is specifically designed with the use of a luxury Wedding Ring image (Designed by ViThaHC&#8217;s own copyright) and the identity of Company&#8217;s brand logo, the word &#8220;Certificate of Marriage&#8221; is written on the Cover, the product is an\u00a0limited editions. Including 8 templates: Dark Blue (Gold Plated), Light Pink, Cream Yellow,&hellip; <a class=\"more-link\" href=\"https:\/\/vithahc.co.th\/en\/product\/marriage-certificate-frame-gray-green\/\">Continue reading <span class=\"screen-reader-text\">Marriage Certificate Frame &#8211; Gray Green<\/span><\/a><\/p>\n","protected":false},"featured_media":581,"template":"","meta":[],"yoast_head":"<!-- This site is optimized with the Yoast SEO plugin v16.3 - https:\/\/yoast.com\/wordpress\/plugins\/seo\/ -->\n<title>Marriage Certificate Frame - Gray Green - Viet Thai Hidden Charm Thailand<\/title>\n<meta name=\"robots\" content=\"index, follow, max-snippet:-1, max-image-preview:large, max-video-preview:-1\" \/>\n<link rel=\"canonical\" href=\"https:\/\/vithahc.co.th\/th\/product\/\u0e40\u0e1f\u0e23\u0e21\u0e43\u0e2a\u0e48\u0e43\u0e1a\u0e17\u0e30\u0e40\u0e1a\u0e35\u0e22\u0e19\u0e2a\u0e21\u0e23\u0e2a-\u0e40\/\" \/>\n<meta property=\"og:locale\" content=\"en_US\" \/>\n<meta property=\"og:type\" content=\"article\" \/>\n<meta property=\"og:title\" content=\"[:vi]B\u00eca \u0110\u1ef1ng H\u00f4n Th\u00fa - Xanh L\u00e1 N\u00e2u[:en]Marriage Certificate Frame - Gray Green[:th]\u0e40\u0e1f\u0e23\u0e21\u0e43\u0e2a\u0e48\u0e43\u0e1a\u0e17\u0e30\u0e40\u0e1a\u0e35\u0e22\u0e19\u0e2a\u0e21\u0e23\u0e2a - \u0e40\u0e02\u0e35\u0e22\u0e27\u0e40\u0e17\u0e32[:] - Viet Thai Hidden Charm Thailand\" \/>\n<meta property=\"og:description\" content=\"Marriage Certificate&#8217;s Frame The product is specifically designed with the use of a luxury Wedding Ring image (Designed by ViThaHC&#8217;s own copyright) and the identity of Company&#8217;s brand logo, the word &#8220;Certificate of Marriage&#8221; is written on the Cover, the product is an\u00a0limited editions. Including 8 templates: Dark Blue (Gold Plated), Light Pink, Cream Yellow,&hellip; Continue reading Marriage Certificate Frame &#8211; Gray Green\" \/>\n<meta property=\"og:url\" content=\"https:\/\/vithahc.co.th\/th\/product\/\u0e40\u0e1f\u0e23\u0e21\u0e43\u0e2a\u0e48\u0e43\u0e1a\u0e17\u0e30\u0e40\u0e1a\u0e35\u0e22\u0e19\u0e2a\u0e21\u0e23\u0e2a-\u0e40\/\" \/>\n<meta property=\"og:site_name\" content=\"Viet Thai Hidden Charm Thailand\" \/>\n<meta property=\"article:modified_time\" content=\"2021-07-15T09:01:53+00:00\" \/>\n<meta property=\"og:image\" content=\"https:\/\/vithahc.co.th\/wp-content\/uploads\/2021\/05\/Xam-La-3.jpg\" \/>\n\t<meta property=\"og:image:width\" content=\"1280\" \/>\n\t<meta property=\"og:image:height\" content=\"720\" \/>\n<meta name=\"twitter:card\" content=\"summary_large_image\" \/>\n<meta name=\"twitter:label1\" content=\"Est. reading time\">\n\t<meta name=\"twitter:data1\" content=\"1 minute\">\n<script type=\"application\/ld+json\" class=\"yoast-schema-graph\">{\"@context\":\"https:\/\/schema.org\",\"@graph\":[{\"@type\":\"WebSite\",\"@id\":\"https:\/\/vithahc.co.th\/#website\",\"url\":\"https:\/\/vithahc.co.th\/\",\"name\":\"Viet Thai Hidden Charm Thailand\",\"description\":\"Viet Thai Hidden Charm Thailand\",\"potentialAction\":[{\"@type\":\"SearchAction\",\"target\":\"https:\/\/vithahc.co.th\/?s={search_term_string}\",\"query-input\":\"required name=search_term_string\"}],\"inLanguage\":\"en-US\"},{\"@type\":\"ImageObject\",\"@id\":\"https:\/\/vithahc.co.th\/th\/product\/%e0%b9%80%e0%b8%9f%e0%b8%a3%e0%b8%a1%e0%b9%83%e0%b8%aa%e0%b9%88%e0%b9%83%e0%b8%9a%e0%b8%97%e0%b8%b0%e0%b9%80%e0%b8%9a%e0%b8%b5%e0%b8%a2%e0%b8%99%e0%b8%aa%e0%b8%a1%e0%b8%a3%e0%b8%aa-%e0%b9%80\/#primaryimage\",\"inLanguage\":\"en-US\",\"url\":\"https:\/\/vithahc.co.th\/wp-content\/uploads\/2021\/05\/Xam-La-3.jpg\",\"contentUrl\":\"https:\/\/vithahc.co.th\/wp-content\/uploads\/2021\/05\/Xam-La-3.jpg\",\"width\":1280,\"height\":720},{\"@type\":\"WebPage\",\"@id\":\"https:\/\/vithahc.co.th\/th\/product\/%e0%b9%80%e0%b8%9f%e0%b8%a3%e0%b8%a1%e0%b9%83%e0%b8%aa%e0%b9%88%e0%b9%83%e0%b8%9a%e0%b8%97%e0%b8%b0%e0%b9%80%e0%b8%9a%e0%b8%b5%e0%b8%a2%e0%b8%99%e0%b8%aa%e0%b8%a1%e0%b8%a3%e0%b8%aa-%e0%b9%80\/#webpage\",\"url\":\"https:\/\/vithahc.co.th\/th\/product\/%e0%b9%80%e0%b8%9f%e0%b8%a3%e0%b8%a1%e0%b9%83%e0%b8%aa%e0%b9%88%e0%b9%83%e0%b8%9a%e0%b8%97%e0%b8%b0%e0%b9%80%e0%b8%9a%e0%b8%b5%e0%b8%a2%e0%b8%99%e0%b8%aa%e0%b8%a1%e0%b8%a3%e0%b8%aa-%e0%b9%80\/\",\"name\":\"[:vi]B\\u00eca \\u0110\\u1ef1ng H\\u00f4n Th\\u00fa - Xanh L\\u00e1 N\\u00e2u[:en]Marriage Certificate Frame - Gray Green[:th]\\u0e40\\u0e1f\\u0e23\\u0e21\\u0e43\\u0e2a\\u0e48\\u0e43\\u0e1a\\u0e17\\u0e30\\u0e40\\u0e1a\\u0e35\\u0e22\\u0e19\\u0e2a\\u0e21\\u0e23\\u0e2a - \\u0e40\\u0e02\\u0e35\\u0e22\\u0e27\\u0e40\\u0e17\\u0e32[:] - Viet Thai Hidden Charm Thailand\",\"isPartOf\":{\"@id\":\"https:\/\/vithahc.co.th\/#website\"},\"primaryImageOfPage\":{\"@id\":\"https:\/\/vithahc.co.th\/th\/product\/%e0%b9%80%e0%b8%9f%e0%b8%a3%e0%b8%a1%e0%b9%83%e0%b8%aa%e0%b9%88%e0%b9%83%e0%b8%9a%e0%b8%97%e0%b8%b0%e0%b9%80%e0%b8%9a%e0%b8%b5%e0%b8%a2%e0%b8%99%e0%b8%aa%e0%b8%a1%e0%b8%a3%e0%b8%aa-%e0%b9%80\/#primaryimage\"},\"datePublished\":\"2021-06-14T00:53:56+00:00\",\"dateModified\":\"2021-07-15T09:01:53+00:00\",\"breadcrumb\":{\"@id\":\"https:\/\/vithahc.co.th\/th\/product\/%e0%b9%80%e0%b8%9f%e0%b8%a3%e0%b8%a1%e0%b9%83%e0%b8%aa%e0%b9%88%e0%b9%83%e0%b8%9a%e0%b8%97%e0%b8%b0%e0%b9%80%e0%b8%9a%e0%b8%b5%e0%b8%a2%e0%b8%99%e0%b8%aa%e0%b8%a1%e0%b8%a3%e0%b8%aa-%e0%b9%80\/#breadcrumb\"},\"inLanguage\":\"en-US\",\"potentialAction\":[{\"@type\":\"ReadAction\",\"target\":[\"https:\/\/vithahc.co.th\/th\/product\/%e0%b9%80%e0%b8%9f%e0%b8%a3%e0%b8%a1%e0%b9%83%e0%b8%aa%e0%b9%88%e0%b9%83%e0%b8%9a%e0%b8%97%e0%b8%b0%e0%b9%80%e0%b8%9a%e0%b8%b5%e0%b8%a2%e0%b8%99%e0%b8%aa%e0%b8%a1%e0%b8%a3%e0%b8%aa-%e0%b9%80\/\"]}]},{\"@type\":\"BreadcrumbList\",\"@id\":\"https:\/\/vithahc.co.th\/th\/product\/%e0%b9%80%e0%b8%9f%e0%b8%a3%e0%b8%a1%e0%b9%83%e0%b8%aa%e0%b9%88%e0%b9%83%e0%b8%9a%e0%b8%97%e0%b8%b0%e0%b9%80%e0%b8%9a%e0%b8%b5%e0%b8%a2%e0%b8%99%e0%b8%aa%e0%b8%a1%e0%b8%a3%e0%b8%aa-%e0%b9%80\/#breadcrumb\",\"itemListElement\":[{\"@type\":\"ListItem\",\"position\":1,\"item\":{\"@type\":\"WebPage\",\"@id\":\"https:\/\/vithahc.co.th\/\",\"url\":\"https:\/\/vithahc.co.th\/\",\"name\":\"Trang ch\\u1ee7\"}},{\"@type\":\"ListItem\",\"position\":2,\"item\":{\"@type\":\"WebPage\",\"@id\":\"https:\/\/vithahc.co.th\/en\/product\/\",\"url\":\"https:\/\/vithahc.co.th\/en\/product\/\",\"name\":\"C\\u1eeda h\\u00e0ng\"}},{\"@type\":\"ListItem\",\"position\":3,\"item\":{\"@id\":\"https:\/\/vithahc.co.th\/th\/product\/%e0%b9%80%e0%b8%9f%e0%b8%a3%e0%b8%a1%e0%b9%83%e0%b8%aa%e0%b9%88%e0%b9%83%e0%b8%9a%e0%b8%97%e0%b8%b0%e0%b9%80%e0%b8%9a%e0%b8%b5%e0%b8%a2%e0%b8%99%e0%b8%aa%e0%b8%a1%e0%b8%a3%e0%b8%aa-%e0%b9%80\/#webpage\"}}]}]}<\/script>\n<!-- \/ Yoast SEO plugin. -->","_links":{"self":[{"href":"https:\/\/vithahc.co.th\/en\/wp-json\/wp\/v2\/product\/617"}],"collection":[{"href":"https:\/\/vithahc.co.th\/en\/wp-json\/wp\/v2\/product"}],"about":[{"href":"https:\/\/vithahc.co.th\/en\/wp-json\/wp\/v2\/types\/product"}],"wp:featuredmedia":[{"embeddable":true,"href":"https:\/\/vithahc.co.th\/en\/wp-json\/wp\/v2\/media\/581"}],"wp:attachment":[{"href":"https:\/\/vithahc.co.th\/en\/wp-json\/wp\/v2\/media?parent=617"}],"curies":[{"name":"wp","href":"https:\/\/api.w.org\/{rel}","templated":true}]}}