{"id":603,"date":"2021-06-07T03:48:50","date_gmt":"2021-06-07T03:48:50","guid":{"rendered":"https:\/\/vithahc.co.th\/?post_type=product&#038;p=603"},"modified":"2021-07-15T15:34:51","modified_gmt":"2021-07-15T08:34:51","slug":"bia-dung-khai-sinh-song-tich","status":"publish","type":"product","link":"https:\/\/vithahc.co.th\/en\/product\/birth-certificates-frame-2\/","title":{"rendered":"Birth Certificate\u2019s Frame"},"content":{"rendered":"<p><\/p>\n<p style=\"text-align: justify;\"><span style=\"font-size: 24pt; font-family: 'times new roman', times, serif;\"><b>Birth Certificate&#8217;s Frame<\/b><\/span><\/p>\n<ul style=\"text-align: justify;\">\n<li><span style=\"font-size: 18pt; font-family: 'times new roman', times, serif;\">The product is specifically designed with the use of a Baby image (Designed by ViThaHC&#8217;s own copyright) and the identity of Company&#8217;s brand logo, the word &#8220;Birth Certificate&#8221; is written on the Cover, the product is an limited editions.<\/span><\/li>\n<li><span style=\"font-size: 18pt; font-family: 'times new roman', times, serif;\">Including 2 templates: Blue\u00a0(Boy) and Pink (Girl).<\/span><\/li>\n<\/ul>\n<p><span class=\"VIiyi\" lang=\"en\" style=\"font-family: 'times new roman', times, serif; font-size: 18pt;\"><span class=\"JLqJ4b ChMk0b\" data-language-for-alternatives=\"en\" data-language-to-translate-into=\"vi\" data-phrase-index=\"0\">*Listed price is the price including shipping cost to Vietnam<\/span><\/span><\/p>\n<p style=\"text-align: right;\"><span style=\"font-family: 'times new roman', times, serif; font-size: 18pt;\"><strong>Price:<\/strong>\u00a0<span style=\"color: #ff0000;\">990-<\/span> (Ship to Thailand)<\/span><\/p>\n<p><\/p>","protected":false},"excerpt":{"rendered":"<p class=\"qtranxs-available-languages-message qtranxs-available-languages-message-en\">Sorry, this entry is only available in <a href=\"https:\/\/vithahc.co.th\/vi\/wp-json\/wp\/v2\/product\/603\" class=\"qtranxs-available-language-link qtranxs-available-language-link-vi\" title=\"Ti\u1ebfng Vi\u1ec7t\">Vietnamese<\/a>.<\/p>\n","protected":false},"featured_media":597,"template":"","meta":[],"yoast_head":"<!-- This site is optimized with the Yoast SEO plugin v16.3 - https:\/\/yoast.com\/wordpress\/plugins\/seo\/ -->\n<title>Birth Certificate\u2019s Frame - Viet Thai Hidden Charm Thailand<\/title>\n<meta name=\"robots\" content=\"index, follow, max-snippet:-1, max-image-preview:large, max-video-preview:-1\" \/>\n<link rel=\"canonical\" href=\"https:\/\/vithahc.co.th\/en\/product\/birth-certificates-frame-2\/\" \/>\n<meta property=\"og:locale\" content=\"en_US\" \/>\n<meta property=\"og:type\" content=\"article\" \/>\n<meta property=\"og:title\" content=\"[:vi]B\u00eca \u0110\u1ef1ng Khai Sinh Song T\u1ecbch[:en]Birth Certificate\u2019s Frame[:th]\u0e40\u0e1f\u0e23\u0e21\u0e43\u0e2a\u0e48\u0e2a\u0e39\u0e15\u0e34\u0e1a\u0e31\u0e15\u0e23[:] - Viet Thai Hidden Charm Thailand\" \/>\n<meta property=\"og:description\" content=\"[:vi]  Bao g\u1ed3m 2 m\u1eabu:   Xanh Da Tr\u1eddi (d\u00e0nh cho b\u00e9 Trai)   H\u1ed3ng Ph\u1ea5n (d\u00e0nh cho b\u00e9 G\u00e1i) [:]\" \/>\n<meta property=\"og:url\" content=\"https:\/\/vithahc.co.th\/en\/product\/birth-certificates-frame-2\/\" \/>\n<meta property=\"og:site_name\" content=\"Viet Thai Hidden Charm Thailand\" \/>\n<meta property=\"article:modified_time\" content=\"2021-07-15T08:34:51+00:00\" \/>\n<meta property=\"og:image\" content=\"https:\/\/vithahc.co.th\/wp-content\/uploads\/2021\/05\/Pink-3.jpg\" \/>\n\t<meta property=\"og:image:width\" content=\"1280\" \/>\n\t<meta property=\"og:image:height\" content=\"720\" \/>\n<meta name=\"twitter:card\" content=\"summary_large_image\" \/>\n<meta name=\"twitter:label1\" content=\"Est. reading time\">\n\t<meta name=\"twitter:data1\" content=\"1 minute\">\n<script type=\"application\/ld+json\" class=\"yoast-schema-graph\">{\"@context\":\"https:\/\/schema.org\",\"@graph\":[{\"@type\":\"WebSite\",\"@id\":\"https:\/\/vithahc.co.th\/#website\",\"url\":\"https:\/\/vithahc.co.th\/\",\"name\":\"Viet Thai Hidden Charm Thailand\",\"description\":\"Viet Thai Hidden Charm Thailand\",\"potentialAction\":[{\"@type\":\"SearchAction\",\"target\":\"https:\/\/vithahc.co.th\/?s={search_term_string}\",\"query-input\":\"required name=search_term_string\"}],\"inLanguage\":\"en-US\"},{\"@type\":\"ImageObject\",\"@id\":\"https:\/\/vithahc.co.th\/en\/product\/birth-certificates-frame-2\/#primaryimage\",\"inLanguage\":\"en-US\",\"url\":\"https:\/\/vithahc.co.th\/wp-content\/uploads\/2021\/05\/Pink-3.jpg\",\"contentUrl\":\"https:\/\/vithahc.co.th\/wp-content\/uploads\/2021\/05\/Pink-3.jpg\",\"width\":1280,\"height\":720},{\"@type\":\"WebPage\",\"@id\":\"https:\/\/vithahc.co.th\/en\/product\/birth-certificates-frame-2\/#webpage\",\"url\":\"https:\/\/vithahc.co.th\/en\/product\/birth-certificates-frame-2\/\",\"name\":\"[:vi]B\\u00eca \\u0110\\u1ef1ng Khai Sinh Song T\\u1ecbch[:en]Birth Certificate\\u2019s Frame[:th]\\u0e40\\u0e1f\\u0e23\\u0e21\\u0e43\\u0e2a\\u0e48\\u0e2a\\u0e39\\u0e15\\u0e34\\u0e1a\\u0e31\\u0e15\\u0e23[:] - Viet Thai Hidden Charm Thailand\",\"isPartOf\":{\"@id\":\"https:\/\/vithahc.co.th\/#website\"},\"primaryImageOfPage\":{\"@id\":\"https:\/\/vithahc.co.th\/en\/product\/birth-certificates-frame-2\/#primaryimage\"},\"datePublished\":\"2021-06-07T03:48:50+00:00\",\"dateModified\":\"2021-07-15T08:34:51+00:00\",\"breadcrumb\":{\"@id\":\"https:\/\/vithahc.co.th\/en\/product\/birth-certificates-frame-2\/#breadcrumb\"},\"inLanguage\":\"en-US\",\"potentialAction\":[{\"@type\":\"ReadAction\",\"target\":[\"https:\/\/vithahc.co.th\/en\/product\/birth-certificates-frame-2\/\"]}]},{\"@type\":\"BreadcrumbList\",\"@id\":\"https:\/\/vithahc.co.th\/en\/product\/birth-certificates-frame-2\/#breadcrumb\",\"itemListElement\":[{\"@type\":\"ListItem\",\"position\":1,\"item\":{\"@type\":\"WebPage\",\"@id\":\"https:\/\/vithahc.co.th\/\",\"url\":\"https:\/\/vithahc.co.th\/\",\"name\":\"Trang ch\\u1ee7\"}},{\"@type\":\"ListItem\",\"position\":2,\"item\":{\"@type\":\"WebPage\",\"@id\":\"https:\/\/vithahc.co.th\/en\/product\/\",\"url\":\"https:\/\/vithahc.co.th\/en\/product\/\",\"name\":\"C\\u1eeda h\\u00e0ng\"}},{\"@type\":\"ListItem\",\"position\":3,\"item\":{\"@id\":\"https:\/\/vithahc.co.th\/en\/product\/birth-certificates-frame-2\/#webpage\"}}]}]}<\/script>\n<!-- \/ Yoast SEO plugin. -->","_links":{"self":[{"href":"https:\/\/vithahc.co.th\/en\/wp-json\/wp\/v2\/product\/603"}],"collection":[{"href":"https:\/\/vithahc.co.th\/en\/wp-json\/wp\/v2\/product"}],"about":[{"href":"https:\/\/vithahc.co.th\/en\/wp-json\/wp\/v2\/types\/product"}],"wp:featuredmedia":[{"embeddable":true,"href":"https:\/\/vithahc.co.th\/en\/wp-json\/wp\/v2\/media\/597"}],"wp:attachment":[{"href":"https:\/\/vithahc.co.th\/en\/wp-json\/wp\/v2\/media?parent=603"}],"curies":[{"name":"wp","href":"https:\/\/api.w.org\/{rel}","templated":true}]}}