{"id":216,"date":"2021-04-06T08:53:26","date_gmt":"2021-04-06T08:53:26","guid":{"rendered":"http:\/\/vithahc.co.th\/?page_id=216"},"modified":"2021-05-27T05:25:27","modified_gmt":"2021-05-27T05:25:27","slug":"doi-net-ve-cong-ty","status":"publish","type":"page","link":"https:\/\/vithahc.co.th\/en\/doi-net-ve-cong-ty\/","title":{"rendered":"About our company"},"content":{"rendered":"<p><span style=\"font-size: 24pt;\"><strong>About US<\/strong><\/span><\/p>\n<p style=\"text-align: justify;\"><span style=\"font-size: 18pt;\">\u00a0 \u00a0 \u00a0Established on December 22<sup>nd<\/sup>, 2020 in Thailand and officially start working on February 16<sup>th<\/sup>, 2021. Viet Thai Hidden Charm Co., Ltd. (ViThaHC) is one of the pioneers in providing advanced support solutions for solving judicial problems for Vietnamese citizens who residing in Thailand, mainly focusing on 3 areas: Translation, Justice and Consular (Visa). Although we are a newly established company, we are always confident because we have a professional, skillful, and long-term experiences staff who can be able to handlee Judicial-Consular matters for Vietnamese who are residing, studying and working in Thailand and vice versa.<\/span><\/p>\n<p><\/p>","protected":false},"excerpt":{"rendered":"<p>About US \u00a0 \u00a0 \u00a0Established on December 22nd, 2020 in Thailand and officially start working on February 16th, 2021. Viet Thai Hidden Charm Co., Ltd. (ViThaHC) is one of the pioneers in providing advanced support solutions for solving judicial problems for Vietnamese citizens who residing in Thailand, mainly focusing on 3 areas: Translation, Justice and&hellip; <a class=\"more-link\" href=\"https:\/\/vithahc.co.th\/en\/doi-net-ve-cong-ty\/\">Continue reading <span class=\"screen-reader-text\">About our company<\/span><\/a><\/p>\n","protected":false},"author":1,"featured_media":0,"parent":0,"menu_order":0,"comment_status":"closed","ping_status":"closed","template":"","meta":[],"yoast_head":"<!-- This site is optimized with the Yoast SEO plugin v16.3 - https:\/\/yoast.com\/wordpress\/plugins\/seo\/ -->\n<title>About our company - Viet Thai Hidden Charm Thailand<\/title>\n<meta name=\"robots\" content=\"index, follow, max-snippet:-1, max-image-preview:large, max-video-preview:-1\" \/>\n<link rel=\"canonical\" href=\"https:\/\/vithahc.co.th\/en\/doi-net-ve-cong-ty\/\" \/>\n<meta property=\"og:locale\" content=\"en_US\" \/>\n<meta property=\"og:type\" content=\"article\" \/>\n<meta property=\"og:title\" content=\"[:vi]\u0110\u00f4i n\u00e9t v\u1ec1 c\u00f4ng ty[:en]About our company[:th]\u0e40\u0e01\u0e35\u0e48\u0e22\u0e27\u0e01\u0e31\u0e1a \u0e1a\u0e23\u0e34\u0e29\u0e31\u0e17 \u0e02\u0e2d\u0e07\u0e40\u0e23\u0e32[:] - Viet Thai Hidden Charm Thailand\" \/>\n<meta property=\"og:description\" content=\"About US \u00a0 \u00a0 \u00a0Established on December 22nd, 2020 in Thailand and officially start working on February 16th, 2021. Viet Thai Hidden Charm Co., Ltd. (ViThaHC) is one of the pioneers in providing advanced support solutions for solving judicial problems for Vietnamese citizens who residing in Thailand, mainly focusing on 3 areas: Translation, Justice and&hellip; Continue reading About our company\" \/>\n<meta property=\"og:url\" content=\"https:\/\/vithahc.co.th\/en\/doi-net-ve-cong-ty\/\" \/>\n<meta property=\"og:site_name\" content=\"Viet Thai Hidden Charm Thailand\" \/>\n<meta property=\"article:modified_time\" content=\"2021-05-27T05:25:27+00:00\" \/>\n<meta name=\"twitter:card\" content=\"summary_large_image\" \/>\n<meta name=\"twitter:label1\" content=\"Est. reading time\">\n\t<meta name=\"twitter:data1\" content=\"2 minutes\">\n<script type=\"application\/ld+json\" class=\"yoast-schema-graph\">{\"@context\":\"https:\/\/schema.org\",\"@graph\":[{\"@type\":\"WebSite\",\"@id\":\"https:\/\/vithahc.co.th\/#website\",\"url\":\"https:\/\/vithahc.co.th\/\",\"name\":\"Viet Thai Hidden Charm Thailand\",\"description\":\"Viet Thai Hidden Charm Thailand\",\"potentialAction\":[{\"@type\":\"SearchAction\",\"target\":\"https:\/\/vithahc.co.th\/?s={search_term_string}\",\"query-input\":\"required name=search_term_string\"}],\"inLanguage\":\"en-US\"},{\"@type\":\"WebPage\",\"@id\":\"https:\/\/vithahc.co.th\/en\/doi-net-ve-cong-ty\/#webpage\",\"url\":\"https:\/\/vithahc.co.th\/en\/doi-net-ve-cong-ty\/\",\"name\":\"[:vi]\\u0110\\u00f4i n\\u00e9t v\\u1ec1 c\\u00f4ng ty[:en]About our company[:th]\\u0e40\\u0e01\\u0e35\\u0e48\\u0e22\\u0e27\\u0e01\\u0e31\\u0e1a \\u0e1a\\u0e23\\u0e34\\u0e29\\u0e31\\u0e17 \\u0e02\\u0e2d\\u0e07\\u0e40\\u0e23\\u0e32[:] - Viet Thai Hidden Charm Thailand\",\"isPartOf\":{\"@id\":\"https:\/\/vithahc.co.th\/#website\"},\"datePublished\":\"2021-04-06T08:53:26+00:00\",\"dateModified\":\"2021-05-27T05:25:27+00:00\",\"breadcrumb\":{\"@id\":\"https:\/\/vithahc.co.th\/en\/doi-net-ve-cong-ty\/#breadcrumb\"},\"inLanguage\":\"en-US\",\"potentialAction\":[{\"@type\":\"ReadAction\",\"target\":[\"https:\/\/vithahc.co.th\/en\/doi-net-ve-cong-ty\/\"]}]},{\"@type\":\"BreadcrumbList\",\"@id\":\"https:\/\/vithahc.co.th\/en\/doi-net-ve-cong-ty\/#breadcrumb\",\"itemListElement\":[{\"@type\":\"ListItem\",\"position\":1,\"item\":{\"@type\":\"WebPage\",\"@id\":\"https:\/\/vithahc.co.th\/\",\"url\":\"https:\/\/vithahc.co.th\/\",\"name\":\"Trang ch\\u1ee7\"}},{\"@type\":\"ListItem\",\"position\":2,\"item\":{\"@id\":\"https:\/\/vithahc.co.th\/en\/doi-net-ve-cong-ty\/#webpage\"}}]}]}<\/script>\n<!-- \/ Yoast SEO plugin. -->","_links":{"self":[{"href":"https:\/\/vithahc.co.th\/en\/wp-json\/wp\/v2\/pages\/216"}],"collection":[{"href":"https:\/\/vithahc.co.th\/en\/wp-json\/wp\/v2\/pages"}],"about":[{"href":"https:\/\/vithahc.co.th\/en\/wp-json\/wp\/v2\/types\/page"}],"author":[{"embeddable":true,"href":"https:\/\/vithahc.co.th\/en\/wp-json\/wp\/v2\/users\/1"}],"replies":[{"embeddable":true,"href":"https:\/\/vithahc.co.th\/en\/wp-json\/wp\/v2\/comments?post=216"}],"version-history":[{"count":0,"href":"https:\/\/vithahc.co.th\/en\/wp-json\/wp\/v2\/pages\/216\/revisions"}],"wp:attachment":[{"href":"https:\/\/vithahc.co.th\/en\/wp-json\/wp\/v2\/media?parent=216"}],"curies":[{"name":"wp","href":"https:\/\/api.w.org\/{rel}","templated":true}]}}